{"id":351,"date":"2026-02-01T00:40:52","date_gmt":"2026-02-01T00:40:52","guid":{"rendered":"https:\/\/bethacorp07.com\/camposyasociados\/?page_id=351"},"modified":"2026-02-02T03:44:36","modified_gmt":"2026-02-02T03:44:36","slug":"jesuslandaeta","status":"publish","type":"page","link":"https:\/\/bethacorp07.com\/camposyasociados\/equipo\/jesuslandaeta\/","title":{"rendered":"Jes\u00fas Landaeta"},"content":{"rendered":"\n<div class=\"wp-block-group has-white-background-color has-background has-global-padding is-layout-constrained wp-container-core-group-is-layout-a307af8a wp-block-group-is-layout-constrained\" style=\"margin-top:0;margin-bottom:0;padding-top:0;padding-right:0;padding-bottom:0;padding-left:0\">\n<div style=\"height:50px\" aria-hidden=\"true\" class=\"wp-block-spacer\"><\/div>\n\n\n\n<figure class=\"wp-block-image aligncenter size-large is-resized has-custom-border is-style-default\"><img loading=\"lazy\" decoding=\"async\" width=\"1024\" height=\"1015\" src=\"https:\/\/bethacorp07.com\/camposyasociados\/wp-content\/uploads\/2026\/01\/21c00e81-cf6f-4b3b-ba70-2fda17294fd6-1024x1015.jpg\" alt=\"\" class=\"wp-image-306\" style=\"border-top-left-radius:1000px;border-top-right-radius:1000px;border-bottom-left-radius:1000px;border-bottom-right-radius:1000px;aspect-ratio:1.00888607664585;width:271px;height:auto\" srcset=\"https:\/\/bethacorp07.com\/camposyasociados\/wp-content\/uploads\/2026\/01\/21c00e81-cf6f-4b3b-ba70-2fda17294fd6-1024x1015.jpg 1024w, https:\/\/bethacorp07.com\/camposyasociados\/wp-content\/uploads\/2026\/01\/21c00e81-cf6f-4b3b-ba70-2fda17294fd6-300x297.jpg 300w, https:\/\/bethacorp07.com\/camposyasociados\/wp-content\/uploads\/2026\/01\/21c00e81-cf6f-4b3b-ba70-2fda17294fd6-150x150.jpg 150w, https:\/\/bethacorp07.com\/camposyasociados\/wp-content\/uploads\/2026\/01\/21c00e81-cf6f-4b3b-ba70-2fda17294fd6-768x761.jpg 768w, https:\/\/bethacorp07.com\/camposyasociados\/wp-content\/uploads\/2026\/01\/21c00e81-cf6f-4b3b-ba70-2fda17294fd6.jpg 1320w\" sizes=\"auto, (max-width: 1024px) 100vw, 1024px\" \/><\/figure>\n\n\n\n<h2 class=\"wp-block-heading has-text-align-center has-heading-color has-text-color has-link-color has-xx-large-font-size wp-elements-fdfeba640e58a5a4eaaffa459e3fbdc9\" style=\"margin-top:var(--wp--preset--spacing--xx-small);margin-bottom:var(--wp--preset--spacing--xx-small)\">Jes\u00fas Eduardo Landaeta<\/h2>\n\n\n\n<p class=\"has-text-align-center has-contrast-color has-text-color has-link-color has-large-font-size wp-elements-84c163c9890514dd9adf3112b5c288b1\">Asistente Jur\u00eddico<\/p>\n\n\n\n<p class=\"has-text-align-center has-contrast-color has-text-color has-link-color has-medium-font-size wp-elements-39a2a6f3cac08083855f219383eb746f\" style=\"margin-top:var(--wp--preset--spacing--xx-small);margin-bottom:var(--wp--preset--spacing--xx-small)\">+58 424-4159762<\/p>\n\n\n\n<div style=\"height:10px\" aria-hidden=\"true\" class=\"wp-block-spacer\"><\/div>\n\n\n\n<div class=\"wp-block-group has-global-padding is-layout-constrained wp-container-core-group-is-layout-3a820303 wp-block-group-is-layout-constrained\" style=\"padding-right:var(--wp--preset--spacing--small);padding-left:var(--wp--preset--spacing--small)\">\n<p class=\"has-contrast-color has-text-color has-link-color\" style=\"text-align: justify\">Estudiante de cuarto a\u00f1o de Derecho de la Universidad de Carabobo, desde el a\u00f1o (2022), biling\u00fce, con s\u00f3lida formaci\u00f3n acad\u00e9mica, complementada con valiosas experiencias pr\u00e1cticas que le han proporcionado una visi\u00f3n integral del ejercicio. Como asistente jur\u00eddico, se ha enfocado en las ramas del derecho Civil, Mercantil y Corporativo, colaborando activamente en la redacci\u00f3n de documentos legales, an\u00e1lisis y revisi\u00f3n de expedientes. Participa activamente en procesos administrativos y judiciales, siempre bajo la supervisi\u00f3n de los abogados. Su compromiso con la excelencia lo ha llevado a participar en espacios institucionales relevantes, como actividades legislativas del Concejo Municipal de San Diego (2024) y otras jornadas acad\u00e9micas del derecho. Actualmente se desenvuelve como asistente jur\u00eddico de la firma y continua con una excelente y sobresaliente formaci\u00f3n acad\u00e9mica y profesional.<\/p>\n<\/div>\n\n\n\n<div class=\"wp-block-buttons is-vertical is-content-justification-center is-layout-flex wp-container-core-buttons-is-layout-20d73c99 wp-block-buttons-is-layout-flex\" style=\"margin-top:0;margin-bottom:0;padding-top:var(--wp--preset--spacing--medium);padding-right:0;padding-bottom:var(--wp--preset--spacing--medium);padding-left:0\">\n<div class=\"wp-block-button is-style-fill\"><a class=\"wp-block-button__link has-midnight-gradient-background has-background wp-element-button\" href=\"http:\/\/wa.me\/584244159762\" style=\"border-top-left-radius:100px;border-top-right-radius:100px;border-bottom-left-radius:100px;border-bottom-right-radius:100px\">Contactar por WhatsApp<\/a><\/div>\n<\/div>\n<\/div>\n","protected":false},"excerpt":{"rendered":"<p>Jes\u00fas Eduardo Landaeta Asistente Jur\u00eddico +58 424-4159762 Estudiante de cuarto a\u00f1o de Derecho de la Universidad de Carabobo, desde el a\u00f1o (2022), biling\u00fce, con s\u00f3lida formaci\u00f3n acad\u00e9mica, complementada con valiosas experiencias pr\u00e1cticas que le han proporcionado una visi\u00f3n integral del ejercicio. Como asistente jur\u00eddico, se ha enfocado en las ramas del derecho Civil, Mercantil y [&hellip;]<\/p>\n","protected":false},"author":1,"featured_media":0,"parent":289,"menu_order":0,"comment_status":"closed","ping_status":"closed","template":"full-width","meta":{"footnotes":""},"class_list":["post-351","page","type-page","status-publish","hentry"],"_links":{"self":[{"href":"https:\/\/bethacorp07.com\/camposyasociados\/wp-json\/wp\/v2\/pages\/351","targetHints":{"allow":["GET"]}}],"collection":[{"href":"https:\/\/bethacorp07.com\/camposyasociados\/wp-json\/wp\/v2\/pages"}],"about":[{"href":"https:\/\/bethacorp07.com\/camposyasociados\/wp-json\/wp\/v2\/types\/page"}],"author":[{"embeddable":true,"href":"https:\/\/bethacorp07.com\/camposyasociados\/wp-json\/wp\/v2\/users\/1"}],"replies":[{"embeddable":true,"href":"https:\/\/bethacorp07.com\/camposyasociados\/wp-json\/wp\/v2\/comments?post=351"}],"version-history":[{"count":12,"href":"https:\/\/bethacorp07.com\/camposyasociados\/wp-json\/wp\/v2\/pages\/351\/revisions"}],"predecessor-version":[{"id":488,"href":"https:\/\/bethacorp07.com\/camposyasociados\/wp-json\/wp\/v2\/pages\/351\/revisions\/488"}],"up":[{"embeddable":true,"href":"https:\/\/bethacorp07.com\/camposyasociados\/wp-json\/wp\/v2\/pages\/289"}],"wp:attachment":[{"href":"https:\/\/bethacorp07.com\/camposyasociados\/wp-json\/wp\/v2\/media?parent=351"}],"curies":[{"name":"wp","href":"https:\/\/api.w.org\/{rel}","templated":true}]}}