{"id":327,"date":"2026-02-01T00:16:27","date_gmt":"2026-02-01T00:16:27","guid":{"rendered":"https:\/\/bethacorp07.com\/camposyasociados\/?page_id=327"},"modified":"2026-02-02T03:54:35","modified_gmt":"2026-02-02T03:54:35","slug":"maurietcampos","status":"publish","type":"page","link":"https:\/\/bethacorp07.com\/camposyasociados\/equipo\/maurietcampos\/","title":{"rendered":"Mauriet Campos"},"content":{"rendered":"\n<div class=\"wp-block-group has-white-background-color has-background has-global-padding is-layout-constrained wp-container-core-group-is-layout-a307af8a wp-block-group-is-layout-constrained\" style=\"margin-top:0;margin-bottom:0;padding-top:0;padding-right:0;padding-bottom:0;padding-left:0\">\n<div style=\"height:50px\" aria-hidden=\"true\" class=\"wp-block-spacer\"><\/div>\n\n\n\n<figure class=\"wp-block-image aligncenter size-large is-resized has-custom-border is-style-default\"><img loading=\"lazy\" decoding=\"async\" width=\"1024\" height=\"1015\" src=\"https:\/\/bethacorp07.com\/camposyasociados\/wp-content\/uploads\/2026\/01\/21c00e81-cf6f-4b3b-ba70-2fda17294fd6-1024x1015.jpg\" alt=\"\" class=\"wp-image-306\" style=\"border-top-left-radius:1000px;border-top-right-radius:1000px;border-bottom-left-radius:1000px;border-bottom-right-radius:1000px;aspect-ratio:1.00888607664585;width:271px;height:auto\" srcset=\"https:\/\/bethacorp07.com\/camposyasociados\/wp-content\/uploads\/2026\/01\/21c00e81-cf6f-4b3b-ba70-2fda17294fd6-1024x1015.jpg 1024w, https:\/\/bethacorp07.com\/camposyasociados\/wp-content\/uploads\/2026\/01\/21c00e81-cf6f-4b3b-ba70-2fda17294fd6-300x297.jpg 300w, https:\/\/bethacorp07.com\/camposyasociados\/wp-content\/uploads\/2026\/01\/21c00e81-cf6f-4b3b-ba70-2fda17294fd6-150x150.jpg 150w, https:\/\/bethacorp07.com\/camposyasociados\/wp-content\/uploads\/2026\/01\/21c00e81-cf6f-4b3b-ba70-2fda17294fd6-768x761.jpg 768w, https:\/\/bethacorp07.com\/camposyasociados\/wp-content\/uploads\/2026\/01\/21c00e81-cf6f-4b3b-ba70-2fda17294fd6.jpg 1320w\" sizes=\"auto, (max-width: 1024px) 100vw, 1024px\" \/><\/figure>\n\n\n\n<h2 class=\"wp-block-heading has-text-align-center has-heading-color has-text-color has-link-color has-xx-large-font-size wp-elements-eaf42d4ae8252ce9c0ff55720b81ee64\" style=\"margin-top:var(--wp--preset--spacing--xx-small);margin-bottom:var(--wp--preset--spacing--xx-small)\">Mauriet Enrique Campos Jessurun<\/h2>\n\n\n\n<p class=\"has-text-align-center has-contrast-color has-text-color has-link-color has-large-font-size wp-elements-77d43dd34d1658a5f252efe91166aa69\">Abogado<\/p>\n\n\n\n<p class=\"has-text-align-center has-contrast-color has-text-color has-link-color has-medium-font-size wp-elements-389241dc40bdb5568929728502ad72a8\" style=\"margin-top:var(--wp--preset--spacing--xx-small);margin-bottom:var(--wp--preset--spacing--xx-small)\">+58 424-4672588<\/p>\n\n\n\n<div style=\"height:10px\" aria-hidden=\"true\" class=\"wp-block-spacer\"><\/div>\n\n\n\n<div class=\"wp-block-group has-global-padding is-layout-constrained wp-container-core-group-is-layout-3a820303 wp-block-group-is-layout-constrained\" style=\"padding-right:var(--wp--preset--spacing--small);padding-left:var(--wp--preset--spacing--small)\">\n<p class=\"has-contrast-color has-text-color has-link-color\" style=\"text-align: justify\">Abogado egresado de la facultad de Derecho en la Universidad Arturo Michelena (2017); con Diplomado en Derecho Mar\u00edtimo en la Universidad Jose Antonio P\u00e1ez (2017); y con Maestr\u00eda en Ciencias Pol\u00edticas y Funci\u00f3n P\u00fablica en la Universidad de Carabobo (2022). Desde su graduaci\u00f3n ejerce su profesi\u00f3n en las ciudades de Valencia y Maracay, desempe\u00f1\u00e1ndose en las \u00e1reas del Derecho Civil, Mercantil y Corporativo. Presta asesor\u00eda en materia de negociaciones, redacci\u00f3n e interpretaci\u00f3n de contratos, participaci\u00f3n en asambleas, as\u00ed como en la resoluci\u00f3n alternativa de conflictos mercantiles y civiles. Practica la asistencia legal dentro de las Instituciones P\u00fablicas y Privadas, ejerciendo la defensa ante los organismos administrativos y Judiciales, en el marco de procedimientos y demandas. Desde el a\u00f1o 2018 es Abogado Asociado Externo del Escritorio Villalba y Asociados (Valencia) en las \u00e1reas de Derecho Mercantil y Civil, en donde fue Asistente Jur\u00eddico (2013-2017). Desde el a\u00f1o 2023 es Docente en la Facultad de Derecho de la Universidad de Carabobo. En la actualidad, luego de tomar la experiencia de haber laborado en sendas Firmas de Abogados con presencia y trayectoria nacional e internacional, y de asesorar y representar a muchas compa\u00f1\u00edas, decide fundar y prestar servicios legales a distintas personas naturales y jur\u00eddicas con la firma.<\/p>\n<\/div>\n\n\n\n<div class=\"wp-block-buttons is-vertical is-content-justification-center is-layout-flex wp-container-core-buttons-is-layout-20d73c99 wp-block-buttons-is-layout-flex\" style=\"margin-top:0;margin-bottom:0;padding-top:var(--wp--preset--spacing--medium);padding-right:0;padding-bottom:var(--wp--preset--spacing--medium);padding-left:0\">\n<div class=\"wp-block-button is-style-fill\"><a class=\"wp-block-button__link has-midnight-gradient-background has-background wp-element-button\" href=\"http:\/\/wa.me\/584244672588\" style=\"border-top-left-radius:100px;border-top-right-radius:100px;border-bottom-left-radius:100px;border-bottom-right-radius:100px\">Contactar por WhatsApp<\/a><\/div>\n<\/div>\n<\/div>\n","protected":false},"excerpt":{"rendered":"<p>Mauriet Enrique Campos Jessurun Abogado +58 424-4672588 Abogado egresado de la facultad de Derecho en la Universidad Arturo Michelena (2017); con Diplomado en Derecho Mar\u00edtimo en la Universidad Jose Antonio P\u00e1ez (2017); y con Maestr\u00eda en Ciencias Pol\u00edticas y Funci\u00f3n P\u00fablica en la Universidad de Carabobo (2022). Desde su graduaci\u00f3n ejerce su profesi\u00f3n en las [&hellip;]<\/p>\n","protected":false},"author":1,"featured_media":0,"parent":289,"menu_order":0,"comment_status":"closed","ping_status":"closed","template":"full-width","meta":{"footnotes":""},"class_list":["post-327","page","type-page","status-publish","hentry"],"_links":{"self":[{"href":"https:\/\/bethacorp07.com\/camposyasociados\/wp-json\/wp\/v2\/pages\/327","targetHints":{"allow":["GET"]}}],"collection":[{"href":"https:\/\/bethacorp07.com\/camposyasociados\/wp-json\/wp\/v2\/pages"}],"about":[{"href":"https:\/\/bethacorp07.com\/camposyasociados\/wp-json\/wp\/v2\/types\/page"}],"author":[{"embeddable":true,"href":"https:\/\/bethacorp07.com\/camposyasociados\/wp-json\/wp\/v2\/users\/1"}],"replies":[{"embeddable":true,"href":"https:\/\/bethacorp07.com\/camposyasociados\/wp-json\/wp\/v2\/comments?post=327"}],"version-history":[{"count":22,"href":"https:\/\/bethacorp07.com\/camposyasociados\/wp-json\/wp\/v2\/pages\/327\/revisions"}],"predecessor-version":[{"id":496,"href":"https:\/\/bethacorp07.com\/camposyasociados\/wp-json\/wp\/v2\/pages\/327\/revisions\/496"}],"up":[{"embeddable":true,"href":"https:\/\/bethacorp07.com\/camposyasociados\/wp-json\/wp\/v2\/pages\/289"}],"wp:attachment":[{"href":"https:\/\/bethacorp07.com\/camposyasociados\/wp-json\/wp\/v2\/media?parent=327"}],"curies":[{"name":"wp","href":"https:\/\/api.w.org\/{rel}","templated":true}]}}