{"id":289,"date":"2026-01-29T18:24:39","date_gmt":"2026-01-29T18:24:39","guid":{"rendered":"https:\/\/bethacorp07.com\/camposyasociados\/?page_id=289"},"modified":"2026-02-02T04:00:49","modified_gmt":"2026-02-02T04:00:49","slug":"equipo","status":"publish","type":"page","link":"https:\/\/bethacorp07.com\/camposyasociados\/equipo\/","title":{"rendered":"Nuestro Equipo"},"content":{"rendered":"\n<div class=\"wp-block-group has-background has-global-padding is-layout-constrained wp-container-core-group-is-layout-c160b77e wp-block-group-is-layout-constrained\" style=\"background-color:#f7f7f7;margin-top:0;margin-bottom:0;padding-top:0;padding-bottom:0\">\n<div class=\"wp-block-cover alignfull\" style=\"min-height:300px;aspect-ratio:unset;\"><img loading=\"lazy\" decoding=\"async\" width=\"1024\" height=\"700\" class=\"wp-block-cover__image-background wp-image-134 size-large\" alt=\"\" src=\"https:\/\/bethacorp07.com\/camposyasociados\/wp-content\/uploads\/2026\/01\/2151889559-1024x700.jpg\" data-object-fit=\"cover\" srcset=\"https:\/\/bethacorp07.com\/camposyasociados\/wp-content\/uploads\/2026\/01\/2151889559-1024x700.jpg 1024w, https:\/\/bethacorp07.com\/camposyasociados\/wp-content\/uploads\/2026\/01\/2151889559-300x205.jpg 300w, https:\/\/bethacorp07.com\/camposyasociados\/wp-content\/uploads\/2026\/01\/2151889559-768x525.jpg 768w, https:\/\/bethacorp07.com\/camposyasociados\/wp-content\/uploads\/2026\/01\/2151889559-1536x1050.jpg 1536w, https:\/\/bethacorp07.com\/camposyasociados\/wp-content\/uploads\/2026\/01\/2151889559.jpg 2000w\" sizes=\"auto, (max-width: 1024px) 100vw, 1024px\" \/><span aria-hidden=\"true\" class=\"wp-block-cover__background has-contrast-background-color has-background-dim-60 has-background-dim\"><\/span><div class=\"wp-block-cover__inner-container has-global-padding is-layout-constrained wp-block-cover-is-layout-constrained\">\n<h2 class=\"wp-block-heading has-text-align-center has-xx-large-font-size\">Nuestro equipo<\/h2>\n\n\n\n<p class=\"has-text-align-center has-small-font-size\">Contamos con un equipo de profesionales especializados en diversas ramas del derecho, comprometidos con la excelencia t\u00e9cnica y la defensa integral de sus intereses. Nuestra s\u00f3lida formaci\u00f3n y experiencia institucional nos permiten ofrecer soluciones jur\u00eddicas estrat\u00e9gicas y personalizadas para cada caso.<\/p>\n<\/div><\/div>\n\n\n\n<div style=\"height:50px\" aria-hidden=\"true\" class=\"wp-block-spacer\"><\/div>\n\n\n\n<h2 class=\"wp-block-heading has-text-align-center has-heading-color has-text-color has-link-color has-xx-large-font-size wp-elements-2ed76061dee63eca861947bade3f1a94\">Abogados<\/h2>\n\n\n\n<div class=\"wp-block-group has-transparent-background-color has-background is-layout-grid wp-container-core-group-is-layout-af96f645 wp-block-group-is-layout-grid\" style=\"margin-top:0;margin-bottom:0;padding-top:var(--wp--preset--spacing--medium);padding-right:var(--wp--preset--spacing--x-small);padding-bottom:var(--wp--preset--spacing--medium);padding-left:var(--wp--preset--spacing--x-small)\">\n<div class=\"wp-block-group is-style-ct-box-shadow-large has-pure-white-background-color has-background wp-container-content-60aa2092 has-global-padding is-layout-constrained wp-container-core-group-is-layout-ce8a117f wp-block-group-is-layout-constrained\" style=\"border-top-left-radius:25px;border-top-right-radius:25px;border-bottom-left-radius:25px;border-bottom-right-radius:25px;padding-top:var(--wp--preset--spacing--x-small);padding-right:var(--wp--preset--spacing--x-small);padding-bottom:var(--wp--preset--spacing--x-small);padding-left:var(--wp--preset--spacing--x-small)\">\n<div class=\"wp-block-group is-vertical is-content-justification-center is-layout-flex wp-container-core-group-is-layout-ce155fab wp-block-group-is-layout-flex\">\n<figure class=\"wp-block-image size-large has-custom-border\"><a href=\"https:\/\/bethacorp07.com\/camposyasociados\/equipo\/maurietcampos\"><img loading=\"lazy\" decoding=\"async\" width=\"1024\" height=\"1015\" src=\"https:\/\/bethacorp07.com\/camposyasociados\/wp-content\/uploads\/2026\/01\/21c00e81-cf6f-4b3b-ba70-2fda17294fd6-1024x1015.jpg\" alt=\"\" class=\"wp-image-306\" style=\"border-top-left-radius:15px;border-top-right-radius:15px;border-bottom-left-radius:15px;border-bottom-right-radius:15px;aspect-ratio:1;object-fit:cover\" srcset=\"https:\/\/bethacorp07.com\/camposyasociados\/wp-content\/uploads\/2026\/01\/21c00e81-cf6f-4b3b-ba70-2fda17294fd6-1024x1015.jpg 1024w, https:\/\/bethacorp07.com\/camposyasociados\/wp-content\/uploads\/2026\/01\/21c00e81-cf6f-4b3b-ba70-2fda17294fd6-300x297.jpg 300w, https:\/\/bethacorp07.com\/camposyasociados\/wp-content\/uploads\/2026\/01\/21c00e81-cf6f-4b3b-ba70-2fda17294fd6-150x150.jpg 150w, https:\/\/bethacorp07.com\/camposyasociados\/wp-content\/uploads\/2026\/01\/21c00e81-cf6f-4b3b-ba70-2fda17294fd6-768x761.jpg 768w, https:\/\/bethacorp07.com\/camposyasociados\/wp-content\/uploads\/2026\/01\/21c00e81-cf6f-4b3b-ba70-2fda17294fd6.jpg 1320w\" sizes=\"auto, (max-width: 1024px) 100vw, 1024px\" \/><\/a><\/figure>\n\n\n\n<div class=\"wp-block-group has-global-padding is-layout-constrained wp-block-group-is-layout-constrained\">\n<h3 class=\"wp-block-heading has-text-align-center has-heading-color has-text-color has-link-color has-large-font-size wp-elements-072ec6203f461756094af340f2eca9ee\" style=\"margin-top:0;margin-bottom:0;padding-top:0;padding-right:var(--wp--preset--spacing--xx-small);padding-bottom:0;padding-left:var(--wp--preset--spacing--xx-small)\">Mauriet Campos<\/h3>\n\n\n\n<p class=\"has-text-align-center has-contrast-color has-text-color has-small-font-size\" style=\"margin-top:0;margin-bottom:0;padding-top:0;padding-right:var(--wp--preset--spacing--xx-small);padding-bottom:0;padding-left:var(--wp--preset--spacing--xx-small)\">Abogado<\/p>\n\n\n<\/div>\n\n\n\n<div class=\"wp-block-buttons is-vertical is-content-justification-center is-layout-flex wp-container-core-buttons-is-layout-e0c5df33 wp-block-buttons-is-layout-flex\" style=\"margin-top:0;margin-bottom:0;padding-top:0;padding-right:0;padding-bottom:0;padding-left:0\">\n<div class=\"wp-block-button is-style-fill\"><a class=\"wp-block-button__link has-midnight-gradient-background has-background wp-element-button\" href=\"https:\/\/bethacorp07.com\/camposyasociados\/equipo\/maurietcampos\" style=\"border-top-left-radius:100px;border-top-right-radius:100px;border-bottom-left-radius:100px;border-bottom-right-radius:100px\">Ver m\u00e1s<\/a><\/div>\n<\/div>\n<\/div>\n<\/div>\n\n\n\n<div class=\"wp-block-group is-style-ct-box-shadow-large has-pure-white-background-color has-background wp-container-content-60aa2092 has-global-padding is-layout-constrained wp-container-core-group-is-layout-ce8a117f wp-block-group-is-layout-constrained\" style=\"border-top-left-radius:25px;border-top-right-radius:25px;border-bottom-left-radius:25px;border-bottom-right-radius:25px;padding-top:var(--wp--preset--spacing--x-small);padding-right:var(--wp--preset--spacing--x-small);padding-bottom:var(--wp--preset--spacing--x-small);padding-left:var(--wp--preset--spacing--x-small)\">\n<div class=\"wp-block-group is-vertical is-content-justification-center is-layout-flex wp-container-core-group-is-layout-ce155fab wp-block-group-is-layout-flex\">\n<figure class=\"wp-block-image size-large has-custom-border\"><a href=\"https:\/\/bethacorp07.com\/camposyasociados\/equipo\/sandrobello\"><img loading=\"lazy\" decoding=\"async\" width=\"1024\" height=\"1015\" src=\"https:\/\/bethacorp07.com\/camposyasociados\/wp-content\/uploads\/2026\/01\/21c00e81-cf6f-4b3b-ba70-2fda17294fd6-1024x1015.jpg\" alt=\"\" class=\"wp-image-306\" style=\"border-top-left-radius:15px;border-top-right-radius:15px;border-bottom-left-radius:15px;border-bottom-right-radius:15px;aspect-ratio:1;object-fit:cover\" srcset=\"https:\/\/bethacorp07.com\/camposyasociados\/wp-content\/uploads\/2026\/01\/21c00e81-cf6f-4b3b-ba70-2fda17294fd6-1024x1015.jpg 1024w, https:\/\/bethacorp07.com\/camposyasociados\/wp-content\/uploads\/2026\/01\/21c00e81-cf6f-4b3b-ba70-2fda17294fd6-300x297.jpg 300w, https:\/\/bethacorp07.com\/camposyasociados\/wp-content\/uploads\/2026\/01\/21c00e81-cf6f-4b3b-ba70-2fda17294fd6-150x150.jpg 150w, https:\/\/bethacorp07.com\/camposyasociados\/wp-content\/uploads\/2026\/01\/21c00e81-cf6f-4b3b-ba70-2fda17294fd6-768x761.jpg 768w, https:\/\/bethacorp07.com\/camposyasociados\/wp-content\/uploads\/2026\/01\/21c00e81-cf6f-4b3b-ba70-2fda17294fd6.jpg 1320w\" sizes=\"auto, (max-width: 1024px) 100vw, 1024px\" \/><\/a><\/figure>\n\n\n\n<div class=\"wp-block-group has-global-padding is-layout-constrained wp-block-group-is-layout-constrained\">\n<h3 class=\"wp-block-heading has-text-align-center has-heading-color has-text-color has-link-color has-large-font-size wp-elements-a663a057dc4c842868e0ea3180544f21\" style=\"margin-top:0;margin-bottom:0;padding-top:0;padding-right:var(--wp--preset--spacing--xx-small);padding-bottom:0;padding-left:var(--wp--preset--spacing--xx-small)\">Sandro Bello<\/h3>\n\n\n\n<p class=\"has-text-align-center has-contrast-color has-text-color has-small-font-size\" style=\"margin-top:0;margin-bottom:0;padding-top:0;padding-right:var(--wp--preset--spacing--xx-small);padding-bottom:0;padding-left:var(--wp--preset--spacing--xx-small)\">Abogado<\/p>\n\n\n<\/div>\n\n\n\n<div class=\"wp-block-buttons is-vertical is-content-justification-center is-layout-flex wp-container-core-buttons-is-layout-e0c5df33 wp-block-buttons-is-layout-flex\" style=\"margin-top:0;margin-bottom:0;padding-top:0;padding-right:0;padding-bottom:0;padding-left:0\">\n<div class=\"wp-block-button is-style-fill\"><a class=\"wp-block-button__link has-midnight-gradient-background has-background wp-element-button\" href=\"https:\/\/bethacorp07.com\/camposyasociados\/equipo\/sandrobello\" style=\"border-top-left-radius:100px;border-top-right-radius:100px;border-bottom-left-radius:100px;border-bottom-right-radius:100px\">Ver m\u00e1s<\/a><\/div>\n<\/div>\n<\/div>\n<\/div>\n<\/div>\n\n\n\n<div style=\"height:25px\" aria-hidden=\"true\" class=\"wp-block-spacer\"><\/div>\n\n\n\n<h2 class=\"wp-block-heading has-text-align-center has-heading-color has-text-color has-link-color has-xx-large-font-size wp-elements-e9eda8ca3d83d0282003b4eced2cf216\">Equipo de trabajo<\/h2>\n\n\n\n<div class=\"wp-block-group has-transparent-background-color has-background is-layout-grid wp-container-core-group-is-layout-af96f645 wp-block-group-is-layout-grid\" style=\"margin-top:0;margin-bottom:0;padding-top:var(--wp--preset--spacing--medium);padding-right:var(--wp--preset--spacing--x-small);padding-bottom:var(--wp--preset--spacing--medium);padding-left:var(--wp--preset--spacing--x-small)\">\n<div class=\"wp-block-group is-style-ct-box-shadow-large has-pure-white-background-color has-background wp-container-content-60aa2092 has-global-padding is-layout-constrained wp-container-core-group-is-layout-ce8a117f wp-block-group-is-layout-constrained\" style=\"border-top-left-radius:25px;border-top-right-radius:25px;border-bottom-left-radius:25px;border-bottom-right-radius:25px;padding-top:var(--wp--preset--spacing--x-small);padding-right:var(--wp--preset--spacing--x-small);padding-bottom:var(--wp--preset--spacing--x-small);padding-left:var(--wp--preset--spacing--x-small)\">\n<div class=\"wp-block-group is-vertical is-content-justification-center is-layout-flex wp-container-core-group-is-layout-ce155fab wp-block-group-is-layout-flex\">\n<figure class=\"wp-block-image size-large has-custom-border\"><a href=\"https:\/\/bethacorp07.com\/camposyasociados\/equipo\/jesuslandaeta\"><img loading=\"lazy\" decoding=\"async\" width=\"1024\" height=\"1015\" src=\"https:\/\/bethacorp07.com\/camposyasociados\/wp-content\/uploads\/2026\/01\/21c00e81-cf6f-4b3b-ba70-2fda17294fd6-1024x1015.jpg\" alt=\"\" class=\"wp-image-306\" style=\"border-top-left-radius:15px;border-top-right-radius:15px;border-bottom-left-radius:15px;border-bottom-right-radius:15px;aspect-ratio:1;object-fit:cover\" srcset=\"https:\/\/bethacorp07.com\/camposyasociados\/wp-content\/uploads\/2026\/01\/21c00e81-cf6f-4b3b-ba70-2fda17294fd6-1024x1015.jpg 1024w, https:\/\/bethacorp07.com\/camposyasociados\/wp-content\/uploads\/2026\/01\/21c00e81-cf6f-4b3b-ba70-2fda17294fd6-300x297.jpg 300w, https:\/\/bethacorp07.com\/camposyasociados\/wp-content\/uploads\/2026\/01\/21c00e81-cf6f-4b3b-ba70-2fda17294fd6-150x150.jpg 150w, https:\/\/bethacorp07.com\/camposyasociados\/wp-content\/uploads\/2026\/01\/21c00e81-cf6f-4b3b-ba70-2fda17294fd6-768x761.jpg 768w, https:\/\/bethacorp07.com\/camposyasociados\/wp-content\/uploads\/2026\/01\/21c00e81-cf6f-4b3b-ba70-2fda17294fd6.jpg 1320w\" sizes=\"auto, (max-width: 1024px) 100vw, 1024px\" \/><\/a><\/figure>\n\n\n\n<div class=\"wp-block-group has-global-padding is-layout-constrained wp-block-group-is-layout-constrained\">\n<h3 class=\"wp-block-heading has-text-align-center has-heading-color has-text-color has-link-color has-large-font-size wp-elements-ec1b48633926ac346e002200cc9d1c40\" style=\"margin-top:0;margin-bottom:0;padding-top:0;padding-right:var(--wp--preset--spacing--xx-small);padding-bottom:0;padding-left:var(--wp--preset--spacing--xx-small)\">Jes\u00fas Landaeta<\/h3>\n\n\n\n<p class=\"has-text-align-center has-contrast-color has-text-color has-small-font-size\" style=\"margin-top:0;margin-bottom:0;padding-top:0;padding-right:var(--wp--preset--spacing--xx-small);padding-bottom:0;padding-left:var(--wp--preset--spacing--xx-small)\">Asistente Jur\u00eddico<\/p>\n\n\n<\/div>\n\n\n\n<div class=\"wp-block-buttons is-vertical is-content-justification-center is-layout-flex wp-container-core-buttons-is-layout-e0c5df33 wp-block-buttons-is-layout-flex\" style=\"margin-top:0;margin-bottom:0;padding-top:0;padding-right:0;padding-bottom:0;padding-left:0\">\n<div class=\"wp-block-button is-style-fill\"><a class=\"wp-block-button__link has-midnight-gradient-background has-background wp-element-button\" href=\"https:\/\/bethacorp07.com\/camposyasociados\/equipo\/jesuslandaeta\" style=\"border-top-left-radius:100px;border-top-right-radius:100px;border-bottom-left-radius:100px;border-bottom-right-radius:100px\">Ver m\u00e1s<\/a><\/div>\n<\/div>\n<\/div>\n<\/div>\n<\/div>\n\n\n\n<div style=\"height:25px\" aria-hidden=\"true\" class=\"wp-block-spacer\"><\/div>\n<\/div>\n","protected":false},"excerpt":{"rendered":"<p>Abogados Mauriet Campos Abogado Sandro Bello Abogado Equipo de trabajo Jes\u00fas Landaeta Asistente Jur\u00eddico<\/p>\n","protected":false},"author":1,"featured_media":0,"parent":0,"menu_order":0,"comment_status":"closed","ping_status":"closed","template":"full-width","meta":{"footnotes":""},"class_list":["post-289","page","type-page","status-publish","hentry"],"_links":{"self":[{"href":"https:\/\/bethacorp07.com\/camposyasociados\/wp-json\/wp\/v2\/pages\/289","targetHints":{"allow":["GET"]}}],"collection":[{"href":"https:\/\/bethacorp07.com\/camposyasociados\/wp-json\/wp\/v2\/pages"}],"about":[{"href":"https:\/\/bethacorp07.com\/camposyasociados\/wp-json\/wp\/v2\/types\/page"}],"author":[{"embeddable":true,"href":"https:\/\/bethacorp07.com\/camposyasociados\/wp-json\/wp\/v2\/users\/1"}],"replies":[{"embeddable":true,"href":"https:\/\/bethacorp07.com\/camposyasociados\/wp-json\/wp\/v2\/comments?post=289"}],"version-history":[{"count":33,"href":"https:\/\/bethacorp07.com\/camposyasociados\/wp-json\/wp\/v2\/pages\/289\/revisions"}],"predecessor-version":[{"id":505,"href":"https:\/\/bethacorp07.com\/camposyasociados\/wp-json\/wp\/v2\/pages\/289\/revisions\/505"}],"wp:attachment":[{"href":"https:\/\/bethacorp07.com\/camposyasociados\/wp-json\/wp\/v2\/media?parent=289"}],"curies":[{"name":"wp","href":"https:\/\/api.w.org\/{rel}","templated":true}]}}