{"id":231,"date":"2026-01-29T17:23:46","date_gmt":"2026-01-29T17:23:46","guid":{"rendered":"https:\/\/bethacorp07.com\/camposyasociados\/?page_id=231"},"modified":"2026-02-02T04:00:39","modified_gmt":"2026-02-02T04:00:39","slug":"servicios","status":"publish","type":"page","link":"https:\/\/bethacorp07.com\/camposyasociados\/servicios\/","title":{"rendered":"Servicios"},"content":{"rendered":"\n<div class=\"wp-block-cover alignfull\" style=\"min-height:300px;aspect-ratio:unset;\"><img loading=\"lazy\" decoding=\"async\" width=\"1024\" height=\"700\" class=\"wp-block-cover__image-background wp-image-134 size-large\" alt=\"\" src=\"https:\/\/bethacorp07.com\/camposyasociados\/wp-content\/uploads\/2026\/01\/2151889559-1024x700.jpg\" data-object-fit=\"cover\" srcset=\"https:\/\/bethacorp07.com\/camposyasociados\/wp-content\/uploads\/2026\/01\/2151889559-1024x700.jpg 1024w, https:\/\/bethacorp07.com\/camposyasociados\/wp-content\/uploads\/2026\/01\/2151889559-300x205.jpg 300w, https:\/\/bethacorp07.com\/camposyasociados\/wp-content\/uploads\/2026\/01\/2151889559-768x525.jpg 768w, https:\/\/bethacorp07.com\/camposyasociados\/wp-content\/uploads\/2026\/01\/2151889559-1536x1050.jpg 1536w, https:\/\/bethacorp07.com\/camposyasociados\/wp-content\/uploads\/2026\/01\/2151889559.jpg 2000w\" sizes=\"auto, (max-width: 1024px) 100vw, 1024px\" \/><span aria-hidden=\"true\" class=\"wp-block-cover__background has-contrast-background-color has-background-dim-60 has-background-dim\"><\/span><div class=\"wp-block-cover__inner-container has-global-padding is-layout-constrained wp-block-cover-is-layout-constrained\">\n<h2 class=\"wp-block-heading has-text-align-center has-xx-large-font-size\">Nuestros servicios<\/h2>\n\n\n\n<p class=\"has-text-align-center has-small-font-size\">Brindamos servicios de asesor\u00eda, asistencia y gesti\u00f3n integral para asuntos jur\u00eddicos de car\u00e1cter personal, familiar y corporativo. Nos distinguimos por una pr\u00e1ctica legal cimentada en la excelencia, garantizando seguridad jur\u00eddica y m\u00e1xima eficiencia en la resoluci\u00f3n de cada caso.<\/p>\n<\/div><\/div>\n\n\n\n<div style=\"height:20px\" aria-hidden=\"true\" class=\"wp-block-spacer\"><\/div>\n\n\n\n<div class=\"wp-block-group has-white-background-color has-background has-global-padding is-layout-constrained wp-block-group-is-layout-constrained\" style=\"margin-top:0;margin-bottom:0;padding-top:0;padding-bottom:0\">\n<div class=\"wp-block-group alignfull is-style-default has-border-color has-transparent-border-color has-transparent-background-color has-background wp-container-content-69bc4bdf has-global-padding is-layout-constrained wp-container-core-group-is-layout-57dc4dea wp-block-group-is-layout-constrained\" style=\"margin-top:0;margin-bottom:0;padding-top:var(--wp--preset--spacing--small);padding-right:var(--wp--preset--spacing--small);padding-bottom:var(--wp--preset--spacing--small);padding-left:var(--wp--preset--spacing--small)\">\n<div class=\"wp-block-columns is-layout-flex wp-container-core-columns-is-layout-28f84493 wp-block-columns-is-layout-flex\">\n<div class=\"wp-block-column is-layout-flow wp-block-column-is-layout-flow\" style=\"flex-basis:50%\">\n<figure class=\"wp-block-image size-large has-custom-border is-style-default ocultar-en-movil\"><img loading=\"lazy\" decoding=\"async\" width=\"1024\" height=\"682\" src=\"https:\/\/bethacorp07.com\/camposyasociados\/wp-content\/uploads\/2026\/02\/abogado-digital-j-1024x682.png\" alt=\"\" class=\"wp-image-493\" style=\"border-top-left-radius:25px;border-top-right-radius:25px;border-bottom-left-radius:25px;border-bottom-right-radius:25px;aspect-ratio:4\/3;object-fit:cover\" srcset=\"https:\/\/bethacorp07.com\/camposyasociados\/wp-content\/uploads\/2026\/02\/abogado-digital-j-1024x682.png 1024w, https:\/\/bethacorp07.com\/camposyasociados\/wp-content\/uploads\/2026\/02\/abogado-digital-j-300x200.png 300w, https:\/\/bethacorp07.com\/camposyasociados\/wp-content\/uploads\/2026\/02\/abogado-digital-j-768x512.png 768w, https:\/\/bethacorp07.com\/camposyasociados\/wp-content\/uploads\/2026\/02\/abogado-digital-j.png 1100w\" sizes=\"auto, (max-width: 1024px) 100vw, 1024px\" \/><\/figure>\n<\/div>\n\n\n\n<div class=\"wp-block-column is-layout-flow wp-block-column-is-layout-flow\" style=\"flex-basis:50%\">\n<div class=\"wp-block-group is-vertical is-layout-flex wp-container-core-group-is-layout-d6b9ab57 wp-block-group-is-layout-flex\">\n<h2 class=\"wp-block-heading has-text-align-left has-heading-color has-text-color has-link-color has-x-large-font-size wp-elements-6ef30b57b7285663798239547c9aa881\">Derecho Civil y Mercantil<\/h2>\n\n\n\n<ul class=\"wp-block-list\">\n<li class=\"has-contrast-color has-text-color has-link-color has-small-font-size wp-elements-21e008e95e60006de2a7807b87fe0dac\">Asesor\u00eda y representaci\u00f3n legal en materia Civil y Mercantil.<\/li>\n\n\n\n<li class=\"has-contrast-color has-text-color has-link-color has-small-font-size wp-elements-873cd83d1bd3e14fd3a44d04db5fec8c\">Redacci\u00f3n, gesti\u00f3n y negociaci\u00f3n de Contratos de naturaleza Civil (Arrendamientos, compra-venta, opciones de compras, hipotecas, entre otros).<\/li>\n\n\n\n<li class=\"has-contrast-color has-text-color has-link-color has-small-font-size wp-elements-b74b9dd3c81b3589a50187b79bed03c7\">Gestiones ante Registros Inmobiliarios y Notarias P\u00fablicas.<\/li>\n\n\n\n<li class=\"has-contrast-color has-text-color has-link-color has-small-font-size wp-elements-83876d1845e98edebd7be19a391cb3d5\">Representaci\u00f3n judicial en litigios en todas las instancias ante tribunales con competencia en materia Civil y Mercantil.<\/li>\n\n\n\n<li class=\"has-contrast-color has-text-color has-link-color has-small-font-size wp-elements-bdfc6d94d1330d1d3bc72ac89f05ac3d\">Declaraciones sucesorales.<\/li>\n\n\n\n<li class=\"has-contrast-color has-text-color has-link-color has-small-font-size wp-elements-f165750f7a65ea2b2244ece5222873dc\">Cobranza judicial y extrajudicial.<\/li>\n<\/ul>\n<\/div>\n<\/div>\n<\/div>\n<\/div>\n<\/div>\n\n\n\n<div class=\"wp-block-group has-background has-global-padding is-layout-constrained wp-block-group-is-layout-constrained\" style=\"background-color:#f7f7f7;margin-top:0;margin-bottom:0;padding-top:0;padding-bottom:0\">\n<div class=\"wp-block-group alignfull is-style-default has-border-color has-transparent-border-color has-transparent-background-color has-background wp-container-content-69bc4bdf has-global-padding is-layout-constrained wp-container-core-group-is-layout-57dc4dea wp-block-group-is-layout-constrained\" style=\"margin-top:0;margin-bottom:0;padding-top:var(--wp--preset--spacing--small);padding-right:var(--wp--preset--spacing--small);padding-bottom:var(--wp--preset--spacing--small);padding-left:var(--wp--preset--spacing--small)\">\n<div class=\"wp-block-columns is-layout-flex wp-container-core-columns-is-layout-28f84493 wp-block-columns-is-layout-flex\">\n<div class=\"wp-block-column is-layout-flow wp-block-column-is-layout-flow\" style=\"flex-basis:50%\">\n<div class=\"wp-block-group is-vertical is-layout-flex wp-container-core-group-is-layout-d6b9ab57 wp-block-group-is-layout-flex\">\n<h2 class=\"wp-block-heading has-text-align-left has-heading-color has-text-color has-link-color has-x-large-font-size wp-elements-6a6048f5b0e17b15277f8228000c6fee\">Derecho Corporativo<\/h2>\n\n\n\n<ul class=\"wp-block-list\">\n<li class=\"has-contrast-color has-text-color has-link-color has-small-font-size wp-elements-3b79f07724f5db39f4b729c61c0591c3\">Constituci\u00f3n de Sociedades y Empresas en Venezuela.<\/li>\n\n\n\n<li class=\"has-contrast-color has-text-color has-link-color has-small-font-size wp-elements-7289181dd5413270c89b162becce7b39\">Redacci\u00f3n, gesti\u00f3n y negociaci\u00f3n de contratos mercantiles.<\/li>\n\n\n\n<li class=\"has-contrast-color has-text-color has-link-color has-small-font-size wp-elements-aa002fa19392e15f3f6434eab4e88536\">Redacci\u00f3n, modificaci\u00f3n, actualizaci\u00f3n o disoluci\u00f3n de Compa\u00f1\u00edas.<\/li>\n\n\n\n<li class=\"has-contrast-color has-text-color has-link-color has-small-font-size wp-elements-c5633e5baa5db0333ab89925418bb7a6\">Gestiones ante Registros Mercantiles.<\/li>\n\n\n\n<li class=\"has-contrast-color has-text-color has-link-color has-small-font-size wp-elements-8d16082b42cd7439fd63a28a7823cc82\">Asesor\u00eda integral, elaboraci\u00f3n de estudios y consultas en materia Mercantil y Corporativa.<\/li>\n<\/ul>\n<\/div>\n<\/div>\n\n\n\n<div class=\"wp-block-column is-layout-flow wp-block-column-is-layout-flow\" style=\"flex-basis:50%\">\n<figure class=\"wp-block-image size-full has-custom-border is-style-default ocultar-en-movil\"><img loading=\"lazy\" decoding=\"async\" width=\"1024\" height=\"660\" src=\"https:\/\/bethacorp07.com\/camposyasociados\/wp-content\/uploads\/2026\/02\/fusiones-adquisiciones-1.jpg\" alt=\"\" class=\"wp-image-491\" style=\"border-top-left-radius:25px;border-top-right-radius:25px;border-bottom-left-radius:25px;border-bottom-right-radius:25px;aspect-ratio:4\/3;object-fit:cover\" srcset=\"https:\/\/bethacorp07.com\/camposyasociados\/wp-content\/uploads\/2026\/02\/fusiones-adquisiciones-1.jpg 1024w, https:\/\/bethacorp07.com\/camposyasociados\/wp-content\/uploads\/2026\/02\/fusiones-adquisiciones-1-300x193.jpg 300w, https:\/\/bethacorp07.com\/camposyasociados\/wp-content\/uploads\/2026\/02\/fusiones-adquisiciones-1-768x495.jpg 768w\" sizes=\"auto, (max-width: 1024px) 100vw, 1024px\" \/><\/figure>\n<\/div>\n<\/div>\n<\/div>\n<\/div>\n\n\n\n<div class=\"wp-block-group has-white-background-color has-background has-global-padding is-layout-constrained wp-block-group-is-layout-constrained\" style=\"margin-top:0;margin-bottom:0;padding-top:0;padding-bottom:0\">\n<div class=\"wp-block-group alignfull is-style-default has-border-color has-transparent-border-color has-transparent-background-color has-background wp-container-content-69bc4bdf has-global-padding is-layout-constrained wp-container-core-group-is-layout-57dc4dea wp-block-group-is-layout-constrained\" style=\"margin-top:0;margin-bottom:0;padding-top:var(--wp--preset--spacing--small);padding-right:var(--wp--preset--spacing--small);padding-bottom:var(--wp--preset--spacing--small);padding-left:var(--wp--preset--spacing--small)\">\n<div class=\"wp-block-columns is-layout-flex wp-container-core-columns-is-layout-28f84493 wp-block-columns-is-layout-flex\">\n<div class=\"wp-block-column is-layout-flow wp-block-column-is-layout-flow\" style=\"flex-basis:50%\">\n<figure class=\"wp-block-image size-full has-custom-border is-style-default ocultar-en-movil\"><img loading=\"lazy\" decoding=\"async\" width=\"600\" height=\"400\" src=\"https:\/\/bethacorp07.com\/camposyasociados\/wp-content\/uploads\/2026\/01\/image-1.png\" alt=\"\" class=\"wp-image-260\" style=\"border-top-left-radius:25px;border-top-right-radius:25px;border-bottom-left-radius:25px;border-bottom-right-radius:25px;aspect-ratio:4\/3;object-fit:cover\" srcset=\"https:\/\/bethacorp07.com\/camposyasociados\/wp-content\/uploads\/2026\/01\/image-1.png 600w, https:\/\/bethacorp07.com\/camposyasociados\/wp-content\/uploads\/2026\/01\/image-1-300x200.png 300w\" sizes=\"auto, (max-width: 600px) 100vw, 600px\" \/><\/figure>\n<\/div>\n\n\n\n<div class=\"wp-block-column is-layout-flow wp-block-column-is-layout-flow\" style=\"flex-basis:50%\">\n<div class=\"wp-block-group is-vertical is-layout-flex wp-container-core-group-is-layout-d6b9ab57 wp-block-group-is-layout-flex\">\n<h2 class=\"wp-block-heading has-text-align-left has-heading-color has-text-color has-link-color has-x-large-font-size wp-elements-565b9931b5614ab46869f3ee94bffce8\">Derecho Agrario<\/h2>\n\n\n\n<ul class=\"wp-block-list\">\n<li class=\"has-contrast-color has-text-color has-link-color has-small-font-size wp-elements-c564d2807cfaddefe165e662ef851a64\">Asesor\u00eda legal en Materia Agraria.<\/li>\n\n\n\n<li class=\"has-contrast-color has-text-color has-link-color has-small-font-size wp-elements-548bb90c5f15f0b5e660191ab39e67d4\">Representaci\u00f3n administrativa, judicial y extrajudicial.<\/li>\n\n\n\n<li class=\"has-contrast-color has-text-color has-link-color has-small-font-size wp-elements-0167d53f7ff6e4158fe644f84bee8c78\">Entre otros.<\/li>\n<\/ul>\n<\/div>\n<\/div>\n<\/div>\n<\/div>\n<\/div>\n\n\n\n<div class=\"wp-block-group has-background has-global-padding is-layout-constrained wp-block-group-is-layout-constrained\" style=\"background-color:#f7f7f7;margin-top:0;margin-bottom:0;padding-top:0;padding-bottom:0\">\n<div class=\"wp-block-group alignfull is-style-default has-border-color has-transparent-border-color has-transparent-background-color has-background wp-container-content-69bc4bdf has-global-padding is-layout-constrained wp-container-core-group-is-layout-57dc4dea wp-block-group-is-layout-constrained\" style=\"margin-top:0;margin-bottom:0;padding-top:var(--wp--preset--spacing--small);padding-right:var(--wp--preset--spacing--small);padding-bottom:var(--wp--preset--spacing--small);padding-left:var(--wp--preset--spacing--small)\">\n<div class=\"wp-block-columns is-layout-flex wp-container-core-columns-is-layout-28f84493 wp-block-columns-is-layout-flex\">\n<div class=\"wp-block-column is-layout-flow wp-block-column-is-layout-flow\" style=\"flex-basis:50%\">\n<div class=\"wp-block-group is-vertical is-layout-flex wp-container-core-group-is-layout-d6b9ab57 wp-block-group-is-layout-flex\">\n<h2 class=\"wp-block-heading has-text-align-left has-heading-color has-text-color has-link-color has-x-large-font-size wp-elements-09844ba0a803de7fe29a6ec9edacb462\">Otros Asuntos Legales<\/h2>\n\n\n\n<ul class=\"wp-block-list\">\n<li class=\"has-contrast-color has-text-color has-link-color has-small-font-size wp-elements-f2f32200d0493fc670ea75fcaa8cf7a5\">Legalizaci\u00f3n y apostilla de documentos.<\/li>\n\n\n\n<li class=\"has-contrast-color has-text-color has-link-color has-small-font-size wp-elements-ad3f391bb4f003f69d530c2b65a8ece6\">Asesor\u00edas, permisos y tramites en materia de Ni\u00f1os, Ni\u00f1as y Adolescentes.<\/li>\n\n\n\n<li class=\"has-contrast-color has-text-color has-link-color has-small-font-size wp-elements-5d5c8db15ba5714b47c3ee8df5f9fcf0\">Tr\u00e1mites ante el INTT (Instituto Nacional de Transporte Terrestre).<\/li>\n\n\n\n<li class=\"has-contrast-color has-text-color has-link-color has-small-font-size wp-elements-646b05f903cb03ea51e9632f943ac7af\">Asesor\u00eda, representaci\u00f3n y gesti\u00f3n ante Organismos P\u00fablicos e Institutos Aut\u00f3nomos.<\/li>\n<\/ul>\n<\/div>\n<\/div>\n\n\n\n<div class=\"wp-block-column is-layout-flow wp-block-column-is-layout-flow\" style=\"flex-basis:50%\">\n<figure class=\"wp-block-image size-large has-custom-border is-style-default ocultar-en-movil\"><img loading=\"lazy\" decoding=\"async\" width=\"1024\" height=\"590\" src=\"https:\/\/bethacorp07.com\/camposyasociados\/wp-content\/uploads\/2026\/02\/89c5c9cb9cb79fed67d36260c6c12ed7-1024x590.png\" alt=\"\" class=\"wp-image-494\" style=\"border-top-left-radius:25px;border-top-right-radius:25px;border-bottom-left-radius:25px;border-bottom-right-radius:25px;aspect-ratio:4\/3;object-fit:cover\" srcset=\"https:\/\/bethacorp07.com\/camposyasociados\/wp-content\/uploads\/2026\/02\/89c5c9cb9cb79fed67d36260c6c12ed7-1024x590.png 1024w, https:\/\/bethacorp07.com\/camposyasociados\/wp-content\/uploads\/2026\/02\/89c5c9cb9cb79fed67d36260c6c12ed7-300x173.png 300w, https:\/\/bethacorp07.com\/camposyasociados\/wp-content\/uploads\/2026\/02\/89c5c9cb9cb79fed67d36260c6c12ed7-768x443.png 768w, https:\/\/bethacorp07.com\/camposyasociados\/wp-content\/uploads\/2026\/02\/89c5c9cb9cb79fed67d36260c6c12ed7-1536x886.png 1536w, https:\/\/bethacorp07.com\/camposyasociados\/wp-content\/uploads\/2026\/02\/89c5c9cb9cb79fed67d36260c6c12ed7.png 1776w\" sizes=\"auto, (max-width: 1024px) 100vw, 1024px\" \/><\/figure>\n<\/div>\n<\/div>\n<\/div>\n\n\n\n<div style=\"height:10px\" aria-hidden=\"true\" class=\"wp-block-spacer\"><\/div>\n<\/div>\n","protected":false},"excerpt":{"rendered":"<p>Derecho Civil y Mercantil Derecho Corporativo Derecho Agrario Otros Asuntos Legales<\/p>\n","protected":false},"author":1,"featured_media":0,"parent":0,"menu_order":0,"comment_status":"closed","ping_status":"closed","template":"full-width","meta":{"footnotes":""},"class_list":["post-231","page","type-page","status-publish","hentry"],"_links":{"self":[{"href":"https:\/\/bethacorp07.com\/camposyasociados\/wp-json\/wp\/v2\/pages\/231","targetHints":{"allow":["GET"]}}],"collection":[{"href":"https:\/\/bethacorp07.com\/camposyasociados\/wp-json\/wp\/v2\/pages"}],"about":[{"href":"https:\/\/bethacorp07.com\/camposyasociados\/wp-json\/wp\/v2\/types\/page"}],"author":[{"embeddable":true,"href":"https:\/\/bethacorp07.com\/camposyasociados\/wp-json\/wp\/v2\/users\/1"}],"replies":[{"embeddable":true,"href":"https:\/\/bethacorp07.com\/camposyasociados\/wp-json\/wp\/v2\/comments?post=231"}],"version-history":[{"count":35,"href":"https:\/\/bethacorp07.com\/camposyasociados\/wp-json\/wp\/v2\/pages\/231\/revisions"}],"predecessor-version":[{"id":504,"href":"https:\/\/bethacorp07.com\/camposyasociados\/wp-json\/wp\/v2\/pages\/231\/revisions\/504"}],"wp:attachment":[{"href":"https:\/\/bethacorp07.com\/camposyasociados\/wp-json\/wp\/v2\/media?parent=231"}],"curies":[{"name":"wp","href":"https:\/\/api.w.org\/{rel}","templated":true}]}}